{"id":352,"date":"2022-11-15T16:45:04","date_gmt":"2022-11-15T16:45:04","guid":{"rendered":"https:\/\/wolfgang-dreier.at\/?page_id=352"},"modified":"2024-01-12T07:52:14","modified_gmt":"2024-01-12T07:52:14","slug":"interviews-2","status":"publish","type":"page","link":"https:\/\/wolfgang-dreier.at\/?page_id=352","title":{"rendered":"Interviews"},"content":{"rendered":"\n<p><strong>13.12.2023<\/strong> Interview mit Nicole Schuchter \u00fcber ein gemeinsam mit Thomas Hochradner durchgef\u00fchrtes Forschungsprojekt zu Text- und Melodievarianten von &#8222;Stille Nacht! Heilige Nacht!&#8220;, ver\u00f6ffentlicht auf Salzburg24 unter <a href=\"https:\/\/www.salzburg24.at\/news\/salzburg\/stille-nacht-heilige-nacht-ein-weihnachtslied-seit-170-jahren-unveraendert-150433288\">\u201eStille Nacht, Heilige Nacht\u201c &#8211; ein Weihnachtslied seit 170 Jahren unver\u00e4ndert &#8211; SALZBURG24<\/a><\/p>\n\n\n\n<p><strong>18.04.2023<\/strong> Gespr\u00e4chsrunde zum Thema <strong>M\u00e4rchen<\/strong> in der ORF-Salzburg <em>Mittagszeit<\/em> gemeinsam mit Folke Tegetthoff, moderiert von Andreas Landrock. Eindr\u00fccke daraus wurden in meinem Aufsatz <em><a href=\"https:\/\/wolfgang-dreier.at\/wp-content\/papercite-data\/pdf\/Z-AII-01_47-2023-02_Maerchen.pdf\">M\u00e4rchen \u2013 zeitgem\u00e4\u00df oder nicht? Ein Pl\u00e4doyer<\/a><\/em> (Salzburger Volks.kultur 47, Nr. 2 (2023), S. 50\u201354) verarbeitet.<\/p>\n\n\n\n<p><strong>20.04.2021<\/strong>&nbsp;Experteninterview mit Hannah Schilcher \u00fcber historische und aktuelle (Salzburger) Impflieder, damit verbundene Motivationen und Emotionen, ver\u00f6ffentlicht im Radio-Salzburg-Beitrag&nbsp;<a rel=\"noreferrer noopener\" href=\"https:\/\/web.archive.org\/web\/20211022033912\/https:\/\/radiothek.orf.at\/sbg\/20210421\/SGUM\/1618983873953\" target=\"_blank\">Impfli<\/a><a href=\"https:\/\/radiothek.orf.at\/sbg\/20210421\/SGUM\/1618983873953\" target=\"_blank\" rel=\"noreferrer noopener\">eder gabs damals wie heute<\/a><\/p>\n\n\n\n<p><strong>01.03.2021<\/strong>&nbsp;Experteninterview mit Nicole Schuchter \u00fcber historische Salzburger Impflieder, ver\u00f6ffentlicht im Rahmen des Online-Artikels&nbsp;<a href=\"https:\/\/www.salzburg24.at\/news\/salzburg\/salzburger-impflieder-aus-19-jahrhundert-machen-aengste-von-damals-deutlich-100391650\">Salzburger Impflieder aus 19. Jahrhundert machen \u00c4ngste von damals deutlich \u2013 SALZBURG24<\/a><\/p>\n\n\n\n<p><strong>28.09.\u201301.10.2020<\/strong>&nbsp;Experteninterview mit Sabrina Adlbrecht zu ideologischen und nationalen Facetten von Volkslied und Volksmusik (Einblendungen des Interviews erfolgten im Rahmen des vierteiligen \u00d61-Radiokollegs \u201e<a href=\"https:\/\/oe1.orf.at\/programm\/20200928\/612579\">Singen mit ideologischem Grundton<\/a>\u201c)<\/p>\n\n\n\n<p><strong>03.12.2019<\/strong>&nbsp;Zur erweiterten und redigierten Neuauflage der \u201eVorweihnachtlichen Lieder von Tobi und Tobias Reiser\u201c (Interview mit Caroline Koller, ORF-Radio-Salzburg) <\/p>\n\n\n\n<p><strong>18.05.2016<\/strong>&nbsp;Experteninterview mit Heinz Bayer (Salzburger Nachrichten) zur Diskussion um die Vergabe des \u201eTobi-Reiser-Preises\u201c<\/p>\n\n\n\n<p><strong>27.01.2016<\/strong>&nbsp;Faktensammlung zur Volksmusik in Salzburg, Experteninterview mit Laura Wurm f\u00fcr die \u201eLange Nacht der Volksmusik\u201c<\/p>\n\n\n\n<p><strong>21.12.2015<\/strong>&nbsp;<a href=\"https:\/\/worldsoflaw.wordpress.com\/2015\/12\/15\/music-and-mountain-rescue\/\">Music and Mountain Rescue (von Mark S. Weiner)<\/a><\/p>\n\n\n\n<p><strong>11.09.2015<\/strong>&nbsp;Interview f\u00fcr \u201eSalzburg Heute\u201c anl\u00e4sslich \u201e100 Jahre Rainermarsch\u201c<\/p>\n\n\n\n<p><strong>11.08.2014<\/strong>&nbsp;Rainer-Marsch: Kritik an altem Kriegsgesang (Salzburger Nachrichten, Lokalteil, 13.08.2014)<\/p>\n\n\n\n<p><strong>9.04.2014<\/strong>&nbsp;\u201eIm Wohlklang der Sekunde. Musik und Emotion\u201c (Reihe \u201eMusik der Welt\u201c auf BR Klassik)<\/p>\n","protected":false},"excerpt":{"rendered":"<p>13.12.2023 Interview mit Nicole Schuchter \u00fcber ein gemeinsam mit Thomas Hochradner durchgef\u00fchrtes Forschungsprojekt zu Text- und Melodievarianten von &#8222;Stille Nacht! Heilige Nacht!&#8220;, ver\u00f6ffentlicht auf Salzburg24 unter \u201eStille Nacht, Heilige Nacht\u201c &#8211; ein Weihnachtslied seit 170 Jahren unver\u00e4ndert &#8211; SALZBURG24 18.04.2023 Gespr\u00e4chsrunde zum Thema M\u00e4rchen in der ORF-Salzburg Mittagszeit gemeinsam mit Folke Tegetthoff, moderiert von Andreas [&hellip;]<\/p>\n","protected":false},"author":1,"featured_media":0,"parent":0,"menu_order":0,"comment_status":"closed","ping_status":"closed","template":"","meta":{"footnotes":""},"class_list":["post-352","page","type-page","status-publish","hentry"],"_links":{"self":[{"href":"https:\/\/wolfgang-dreier.at\/index.php?rest_route=\/wp\/v2\/pages\/352","targetHints":{"allow":["GET"]}}],"collection":[{"href":"https:\/\/wolfgang-dreier.at\/index.php?rest_route=\/wp\/v2\/pages"}],"about":[{"href":"https:\/\/wolfgang-dreier.at\/index.php?rest_route=\/wp\/v2\/types\/page"}],"author":[{"embeddable":true,"href":"https:\/\/wolfgang-dreier.at\/index.php?rest_route=\/wp\/v2\/users\/1"}],"replies":[{"embeddable":true,"href":"https:\/\/wolfgang-dreier.at\/index.php?rest_route=%2Fwp%2Fv2%2Fcomments&post=352"}],"version-history":[{"count":8,"href":"https:\/\/wolfgang-dreier.at\/index.php?rest_route=\/wp\/v2\/pages\/352\/revisions"}],"predecessor-version":[{"id":434,"href":"https:\/\/wolfgang-dreier.at\/index.php?rest_route=\/wp\/v2\/pages\/352\/revisions\/434"}],"wp:attachment":[{"href":"https:\/\/wolfgang-dreier.at\/index.php?rest_route=%2Fwp%2Fv2%2Fmedia&parent=352"}],"curies":[{"name":"wp","href":"https:\/\/api.w.org\/{rel}","templated":true}]}}