{"id":24,"date":"2016-03-21T20:16:15","date_gmt":"2016-03-21T20:16:15","guid":{"rendered":"http:\/\/wolfgang-dreier.at\/?page_id=24"},"modified":"2016-03-21T20:22:02","modified_gmt":"2016-03-21T20:22:02","slug":"fernlehrgang-linux-administration-lpi","status":"publish","type":"page","link":"https:\/\/wolfgang-dreier.at\/?page_id=24","title":{"rendered":"Fernlehrgang Linux-Administration (LPI)"},"content":{"rendered":"<p class=\"bodytext\">Von November 2011 bis Juni 2013 habe ich bei der <i>Fernschule Weber<\/i> den Fernlehrgang Linux-Administration absolviert, der u.a. als Vorbereitung auf die Zertifizierungen LPIC-1 und LPIC-2 des <i>Linux Professional Institute<\/i> dient. Diese strebe ich allerdings vorerst nicht an, sondern meine Motivation f\u00fcr den Lehrgang war es, eine fundierte IT-Ausbildung zu erhalten, die insbesondere die vielf\u00e4ltigen M\u00f6glichkeiten der Open-Source-Werkzeuge in den Bereichen Programmierung, Webserver, Dokumentation und Datenbanken vermittelt.<\/p>\n<p class=\"bodytext\">F\u00fcr neun Lehreinheiten und die umfassende schriftliche Abschlusspr\u00fcfung wurde mir die Gesamtnote \u201cSehr gut\u201d zuerkannt.<\/p>\n<p>Vermittelte fachliche Kenntnisse im \u00dcberblick:<\/p>\n<ul>\n<li>Installation und Einrichtung eines Linux-Systems (Debian): Dateisystemstandards, Kernel kompilieren, patchen, Kernel-Module verwalten, Paketverwaltungen (RPM, YUM, APT) im Detail Software automatisiert und manuell installieren<\/li>\n<li>Prozessmanagement: Systemabl\u00e4ufe, Bootprozess und Runlevel<\/li>\n<li>Bootmanager<\/li>\n<li>Shell-Programmierung: Shell-Skripte, Aufgabenautomatisierung<\/li>\n<li>Grafische Oberfl\u00e4chen (X-Server, Display-Manager, etc.)<\/li>\n<li>Druckereinrichtung (LPD, CUPS, etc.)<\/li>\n<li>Hardware<\/li>\n<li>C\/C++: Befehlsreferenz, Bibliotheken, Shared Libraries, Kompilieren, Softwarepakete selbst zusammenstellen (f\u00fcr Debian- und Red Hat-basierende Systeme)<\/li>\n<li>Netzwerktheorie: Hardware und Software<\/li>\n<li>Intranet: Samba, NFS, NIS<\/li>\n<li>Internet: DHCP, DNS, Verbindungen, Proxy-Server, Netfilter<\/li>\n<li>Web-Dienste: Mailserver, Webserver (Apache), virtuelle Hosts<\/li>\n<li>Sicherheit: Systemdiagnose, PAM, Sicherung auf Benutzerebene<\/li>\n<li>Kurzreferenz zu den LPI-Pr\u00fcfungsinhalten LPIC-1 und LPIC-2<\/li>\n<\/ul>\n","protected":false},"excerpt":{"rendered":"<p>Von November 2011 bis Juni 2013 habe ich bei der Fernschule Weber den Fernlehrgang Linux-Administration absolviert, der u.a. als Vorbereitung auf die Zertifizierungen LPIC-1 und LPIC-2 des Linux Professional Institute dient. Diese strebe ich allerdings vorerst nicht an, sondern meine Motivation f\u00fcr den Lehrgang war es, eine fundierte IT-Ausbildung zu erhalten, die insbesondere die vielf\u00e4ltigen [&hellip;]<\/p>\n","protected":false},"author":1,"featured_media":0,"parent":26,"menu_order":0,"comment_status":"closed","ping_status":"open","template":"","meta":{"footnotes":""},"class_list":["post-24","page","type-page","status-publish","hentry"],"_links":{"self":[{"href":"https:\/\/wolfgang-dreier.at\/index.php?rest_route=\/wp\/v2\/pages\/24","targetHints":{"allow":["GET"]}}],"collection":[{"href":"https:\/\/wolfgang-dreier.at\/index.php?rest_route=\/wp\/v2\/pages"}],"about":[{"href":"https:\/\/wolfgang-dreier.at\/index.php?rest_route=\/wp\/v2\/types\/page"}],"author":[{"embeddable":true,"href":"https:\/\/wolfgang-dreier.at\/index.php?rest_route=\/wp\/v2\/users\/1"}],"replies":[{"embeddable":true,"href":"https:\/\/wolfgang-dreier.at\/index.php?rest_route=%2Fwp%2Fv2%2Fcomments&post=24"}],"version-history":[{"count":2,"href":"https:\/\/wolfgang-dreier.at\/index.php?rest_route=\/wp\/v2\/pages\/24\/revisions"}],"predecessor-version":[{"id":32,"href":"https:\/\/wolfgang-dreier.at\/index.php?rest_route=\/wp\/v2\/pages\/24\/revisions\/32"}],"up":[{"embeddable":true,"href":"https:\/\/wolfgang-dreier.at\/index.php?rest_route=\/wp\/v2\/pages\/26"}],"wp:attachment":[{"href":"https:\/\/wolfgang-dreier.at\/index.php?rest_route=%2Fwp%2Fv2%2Fmedia&parent=24"}],"curies":[{"name":"wp","href":"https:\/\/api.w.org\/{rel}","templated":true}]}}