{"id":22,"date":"2016-03-21T20:14:23","date_gmt":"2016-03-21T20:14:23","guid":{"rendered":"http:\/\/wolfgang-dreier.at\/?page_id=22"},"modified":"2022-11-15T16:39:30","modified_gmt":"2022-11-15T16:39:30","slug":"berufserfahrung","status":"publish","type":"page","link":"https:\/\/wolfgang-dreier.at\/?page_id=22","title":{"rendered":"Berufserfahrung"},"content":{"rendered":"<div class=\"entry-content\">\n<p style=\"text-align: left;\"><b>Seit J\u00e4nner 2008<\/b> Archiv-\/Bibliotheksleitung und EDV-Support\/-Projekte bei der Salzburger Volkskultur<\/p>\n<p style=\"text-align: left;\"><b>2008 bis 2011<\/b> Lehrbeauftragter f\u00fcr Ehren.Sache \u2013 Lehrgang Volkskultur und regionale Bildungsarbeit, Seminar \u201cVolksmusik \u2013 Archivieren und Dokumentieren gestern und heute\u201d<\/p>\n<p style=\"text-align: left;\"><b>Oktober 2006 bis J\u00e4nner 2007<\/b> Tutorium (e-learning) und musikwissenschaftliche Erg\u00e4nzung einer Tanz-LV an der Universit\u00e4t Salzburg<\/p>\n<p style=\"text-align: left;\"><b>Seit 11\/2005<\/b> Archivleiter des Salzburger Volksliedwerkes.<\/p>\n<p style=\"text-align: left;\"><b>2003 bis 2004<\/b> (jeweils von Anfang April bis Ende August) Salzburger Festspiele, Abteilung \u201cKommunikation \u2013 Dramaturgie und PR\u201d<\/p>\n<p style=\"text-align: left;\"><b>Seit J\u00e4nner 2004<\/b> Redaktionsmitglied von \u201cZwiefach\u201d, zust\u00e4ndig f\u00fcr die Betreuung der Regionalseite Salzburg<\/p>\n<p style=\"text-align: left;\"><b>Juli 2002 bis August 2002<\/b> Saisonaushilfe bei den Salzburger Festspielen in der Abteilung \u201cKommunikation \u2013 Dramaturgie und PR\u201d<\/p>\n<p style=\"text-align: left;\"><b>Juni 2002 bis Oktober 2005<\/b> Archivmitarbeiter im Salzburger Volksliedwerk<\/p>\n<\/div>\n","protected":false},"excerpt":{"rendered":"<p>Seit J\u00e4nner 2008 Archiv-\/Bibliotheksleitung und EDV-Support\/-Projekte bei der Salzburger Volkskultur 2008 bis 2011 Lehrbeauftragter f\u00fcr Ehren.Sache \u2013 Lehrgang Volkskultur und regionale Bildungsarbeit, Seminar \u201cVolksmusik \u2013 Archivieren und Dokumentieren gestern und heute\u201d Oktober 2006 bis J\u00e4nner 2007 Tutorium (e-learning) und musikwissenschaftliche Erg\u00e4nzung einer Tanz-LV an der Universit\u00e4t Salzburg Seit 11\/2005 Archivleiter des Salzburger Volksliedwerkes. 2003 bis [&hellip;]<\/p>\n","protected":false},"author":1,"featured_media":0,"parent":0,"menu_order":0,"comment_status":"closed","ping_status":"open","template":"","meta":{"footnotes":""},"class_list":["post-22","page","type-page","status-publish","hentry"],"_links":{"self":[{"href":"https:\/\/wolfgang-dreier.at\/index.php?rest_route=\/wp\/v2\/pages\/22","targetHints":{"allow":["GET"]}}],"collection":[{"href":"https:\/\/wolfgang-dreier.at\/index.php?rest_route=\/wp\/v2\/pages"}],"about":[{"href":"https:\/\/wolfgang-dreier.at\/index.php?rest_route=\/wp\/v2\/types\/page"}],"author":[{"embeddable":true,"href":"https:\/\/wolfgang-dreier.at\/index.php?rest_route=\/wp\/v2\/users\/1"}],"replies":[{"embeddable":true,"href":"https:\/\/wolfgang-dreier.at\/index.php?rest_route=%2Fwp%2Fv2%2Fcomments&post=22"}],"version-history":[{"count":5,"href":"https:\/\/wolfgang-dreier.at\/index.php?rest_route=\/wp\/v2\/pages\/22\/revisions"}],"predecessor-version":[{"id":351,"href":"https:\/\/wolfgang-dreier.at\/index.php?rest_route=\/wp\/v2\/pages\/22\/revisions\/351"}],"wp:attachment":[{"href":"https:\/\/wolfgang-dreier.at\/index.php?rest_route=%2Fwp%2Fv2%2Fmedia&parent=22"}],"curies":[{"name":"wp","href":"https:\/\/api.w.org\/{rel}","templated":true}]}}