{"id":2,"date":"2014-11-21T04:51:49","date_gmt":"2014-11-21T04:51:49","guid":{"rendered":"http:\/\/localhost\/wordpress-4.0.1\/wordpress\/?page_id=2"},"modified":"2023-12-05T14:15:21","modified_gmt":"2023-12-05T14:15:21","slug":"home","status":"publish","type":"page","link":"https:\/\/wolfgang-dreier.at\/","title":{"rendered":"Home"},"content":{"rendered":"<p>Beruflich Vollzeit als Archiv- und Bibliotheksleiter des <a href=\"https:\/\/www.salzburgervolksliedwerk.at\" target=\"_blank\" rel=\"noopener\">Salzburger VolksLiedWerkes<\/a> und der <a href=\"https:\/\/www.salzburgervolkskultur.at\" target=\"_blank\" rel=\"noopener\">Salzburger Volkskultur<\/a> besch\u00e4ftigt. Seit 4. Dezember 2023 Vizepr\u00e4sident des <a href=\"https:\/\/www.volksliedwerk.at\" target=\"_blank\" rel=\"noopener\">\u00d6sterreichischen Volksliedwerkes<\/a>.\u00a0<\/p>\n\n\n<p><\/p>\n","protected":false},"excerpt":{"rendered":"<p>Beruflich Vollzeit als Archiv- und Bibliotheksleiter des Salzburger VolksLiedWerkes und der Salzburger Volkskultur besch\u00e4ftigt. Seit 4. Dezember 2023 Vizepr\u00e4sident des \u00d6sterreichischen Volksliedwerkes.\u00a0<\/p>\n","protected":false},"author":1,"featured_media":0,"parent":0,"menu_order":0,"comment_status":"closed","ping_status":"closed","template":"","meta":{"footnotes":""},"class_list":["post-2","page","type-page","status-publish","hentry"],"_links":{"self":[{"href":"https:\/\/wolfgang-dreier.at\/index.php?rest_route=\/wp\/v2\/pages\/2","targetHints":{"allow":["GET"]}}],"collection":[{"href":"https:\/\/wolfgang-dreier.at\/index.php?rest_route=\/wp\/v2\/pages"}],"about":[{"href":"https:\/\/wolfgang-dreier.at\/index.php?rest_route=\/wp\/v2\/types\/page"}],"author":[{"embeddable":true,"href":"https:\/\/wolfgang-dreier.at\/index.php?rest_route=\/wp\/v2\/users\/1"}],"replies":[{"embeddable":true,"href":"https:\/\/wolfgang-dreier.at\/index.php?rest_route=%2Fwp%2Fv2%2Fcomments&post=2"}],"version-history":[{"count":20,"href":"https:\/\/wolfgang-dreier.at\/index.php?rest_route=\/wp\/v2\/pages\/2\/revisions"}],"predecessor-version":[{"id":409,"href":"https:\/\/wolfgang-dreier.at\/index.php?rest_route=\/wp\/v2\/pages\/2\/revisions\/409"}],"wp:attachment":[{"href":"https:\/\/wolfgang-dreier.at\/index.php?rest_route=%2Fwp%2Fv2%2Fmedia&parent=2"}],"curies":[{"name":"wp","href":"https:\/\/api.w.org\/{rel}","templated":true}]}}